{"id":8018,"date":"2018-05-10T19:01:16","date_gmt":"2018-05-10T19:01:16","guid":{"rendered":"https:\/\/www.asa400.de\/blog\/?page_id=8018"},"modified":"2021-12-12T15:19:21","modified_gmt":"2021-12-12T15:19:21","slug":"ja-sager","status":"publish","type":"page","link":"https:\/\/www.asa400.de\/blog\/ja-sager\/","title":{"rendered":"Ja-Sager"},"content":{"rendered":"","protected":false},"excerpt":{"rendered":"","protected":false},"author":1,"featured_media":0,"parent":0,"menu_order":0,"comment_status":"closed","ping_status":"closed","template":"","meta":{"_mi_skip_tracking":false},"yoast_head":"<!-- This site is optimized with the Yoast SEO plugin v17.8 - https:\/\/yoast.com\/wordpress\/plugins\/seo\/ -->\n<title>Domenique und Christian | asa400 | Hochzeitsfotograf Hildesheim<\/title>\n<meta name=\"description\" content=\"Wir schaffen f\u00fcr euch Erinnerungen f\u00fcr die Ewigkeit und halten die gro\u00dfen und die ganz leisen Momente f\u00fcr euch fest. Unser Ja-Sager Portfolio\" \/>\n<meta name=\"robots\" content=\"index, follow, max-snippet:-1, max-image-preview:large, max-video-preview:-1\" \/>\n<link rel=\"canonical\" href=\"https:\/\/www.asa400.de\/blog\/ja-sager\/\" \/>\n<meta property=\"og:locale\" content=\"de_DE\" \/>\n<meta property=\"og:type\" content=\"article\" \/>\n<meta property=\"og:title\" content=\"Domenique und Christian | asa400 | Hochzeitsfotograf Hildesheim\" \/>\n<meta property=\"og:description\" content=\"Wir schaffen f\u00fcr euch Erinnerungen f\u00fcr die Ewigkeit und halten die gro\u00dfen und die ganz leisen Momente f\u00fcr euch fest. Unser Ja-Sager Portfolio\" \/>\n<meta property=\"og:url\" content=\"https:\/\/www.asa400.de\/blog\/ja-sager\/\" \/>\n<meta property=\"og:site_name\" content=\"Domenique und Christian | asa400 | Hochzeitsfotograf Hildesheim\" \/>\n<meta property=\"article:publisher\" content=\"https:\/\/www.facebook.com\/asa400.de\" \/>\n<meta property=\"article:modified_time\" content=\"2021-12-12T15:19:21+00:00\" \/>\n<meta name=\"twitter:card\" content=\"summary_large_image\" \/>\n<script type=\"application\/ld+json\" class=\"yoast-schema-graph\">{\"@context\":\"https:\/\/schema.org\",\"@graph\":[{\"@type\":\"Organization\",\"@id\":\"https:\/\/www.asa400.de\/blog\/#organization\",\"name\":\"asa400\",\"url\":\"https:\/\/www.asa400.de\/blog\/\",\"sameAs\":[\"https:\/\/www.facebook.com\/asa400.de\",\"https:\/\/www.instagram.com\/asa400_photographie\/\",\"https:\/\/www.youtube.com\/channel\/UC17qIjzUU9qut1LIIa7z_qg\"],\"logo\":{\"@type\":\"ImageObject\",\"@id\":\"https:\/\/www.asa400.de\/blog\/#logo\",\"inLanguage\":\"de\",\"url\":\"https:\/\/www.asa400.de\/blog\/wp-content\/uploads\/2018\/07\/asa400_logos-650-x-650.jpg\",\"contentUrl\":\"https:\/\/www.asa400.de\/blog\/wp-content\/uploads\/2018\/07\/asa400_logos-650-x-650.jpg\",\"width\":650,\"height\":650,\"caption\":\"asa400\"},\"image\":{\"@id\":\"https:\/\/www.asa400.de\/blog\/#logo\"}},{\"@type\":\"WebSite\",\"@id\":\"https:\/\/www.asa400.de\/blog\/#website\",\"url\":\"https:\/\/www.asa400.de\/blog\/\",\"name\":\"asa400 Photographie Domenique und Christian\",\"description\":\"Hochzeitsfotografie Hildesheim, Portraitfotografie Hildesheim\",\"publisher\":{\"@id\":\"https:\/\/www.asa400.de\/blog\/#organization\"},\"potentialAction\":[{\"@type\":\"SearchAction\",\"target\":{\"@type\":\"EntryPoint\",\"urlTemplate\":\"https:\/\/www.asa400.de\/blog\/?s={search_term_string}\"},\"query-input\":\"required name=search_term_string\"}],\"inLanguage\":\"de\"},{\"@type\":\"WebPage\",\"@id\":\"https:\/\/www.asa400.de\/blog\/ja-sager\/#webpage\",\"url\":\"https:\/\/www.asa400.de\/blog\/ja-sager\/\",\"name\":\"Domenique und Christian | asa400 | Hochzeitsfotograf Hildesheim\",\"isPartOf\":{\"@id\":\"https:\/\/www.asa400.de\/blog\/#website\"},\"datePublished\":\"2018-05-10T19:01:16+00:00\",\"dateModified\":\"2021-12-12T15:19:21+00:00\",\"description\":\"Wir schaffen f\\u00fcr euch Erinnerungen f\\u00fcr die Ewigkeit und halten die gro\\u00dfen und die ganz leisen Momente f\\u00fcr euch fest. Unser Ja-Sager Portfolio\",\"breadcrumb\":{\"@id\":\"https:\/\/www.asa400.de\/blog\/ja-sager\/#breadcrumb\"},\"inLanguage\":\"de\",\"potentialAction\":[{\"@type\":\"ReadAction\",\"target\":[\"https:\/\/www.asa400.de\/blog\/ja-sager\/\"]}]},{\"@type\":\"BreadcrumbList\",\"@id\":\"https:\/\/www.asa400.de\/blog\/ja-sager\/#breadcrumb\",\"itemListElement\":[{\"@type\":\"ListItem\",\"position\":1,\"name\":\"Startseite\",\"item\":\"https:\/\/www.asa400.de\/blog\/\"},{\"@type\":\"ListItem\",\"position\":2,\"name\":\"Ja-Sager\"}]}]}<\/script>\n<!-- \/ Yoast SEO plugin. -->","yoast_head_json":{"title":"Domenique und Christian | asa400 | Hochzeitsfotograf Hildesheim","description":"Wir schaffen f\u00fcr euch Erinnerungen f\u00fcr die Ewigkeit und halten die gro\u00dfen und die ganz leisen Momente f\u00fcr euch fest. Unser Ja-Sager Portfolio","robots":{"index":"index","follow":"follow","max-snippet":"max-snippet:-1","max-image-preview":"max-image-preview:large","max-video-preview":"max-video-preview:-1"},"canonical":"https:\/\/www.asa400.de\/blog\/ja-sager\/","og_locale":"de_DE","og_type":"article","og_title":"Domenique und Christian | asa400 | Hochzeitsfotograf Hildesheim","og_description":"Wir schaffen f\u00fcr euch Erinnerungen f\u00fcr die Ewigkeit und halten die gro\u00dfen und die ganz leisen Momente f\u00fcr euch fest. Unser Ja-Sager Portfolio","og_url":"https:\/\/www.asa400.de\/blog\/ja-sager\/","og_site_name":"Domenique und Christian | asa400 | Hochzeitsfotograf Hildesheim","article_publisher":"https:\/\/www.facebook.com\/asa400.de","article_modified_time":"2021-12-12T15:19:21+00:00","twitter_card":"summary_large_image","schema":{"@context":"https:\/\/schema.org","@graph":[{"@type":"Organization","@id":"https:\/\/www.asa400.de\/blog\/#organization","name":"asa400","url":"https:\/\/www.asa400.de\/blog\/","sameAs":["https:\/\/www.facebook.com\/asa400.de","https:\/\/www.instagram.com\/asa400_photographie\/","https:\/\/www.youtube.com\/channel\/UC17qIjzUU9qut1LIIa7z_qg"],"logo":{"@type":"ImageObject","@id":"https:\/\/www.asa400.de\/blog\/#logo","inLanguage":"de","url":"https:\/\/www.asa400.de\/blog\/wp-content\/uploads\/2018\/07\/asa400_logos-650-x-650.jpg","contentUrl":"https:\/\/www.asa400.de\/blog\/wp-content\/uploads\/2018\/07\/asa400_logos-650-x-650.jpg","width":650,"height":650,"caption":"asa400"},"image":{"@id":"https:\/\/www.asa400.de\/blog\/#logo"}},{"@type":"WebSite","@id":"https:\/\/www.asa400.de\/blog\/#website","url":"https:\/\/www.asa400.de\/blog\/","name":"asa400 Photographie Domenique und Christian","description":"Hochzeitsfotografie Hildesheim, Portraitfotografie Hildesheim","publisher":{"@id":"https:\/\/www.asa400.de\/blog\/#organization"},"potentialAction":[{"@type":"SearchAction","target":{"@type":"EntryPoint","urlTemplate":"https:\/\/www.asa400.de\/blog\/?s={search_term_string}"},"query-input":"required name=search_term_string"}],"inLanguage":"de"},{"@type":"WebPage","@id":"https:\/\/www.asa400.de\/blog\/ja-sager\/#webpage","url":"https:\/\/www.asa400.de\/blog\/ja-sager\/","name":"Domenique und Christian | asa400 | Hochzeitsfotograf Hildesheim","isPartOf":{"@id":"https:\/\/www.asa400.de\/blog\/#website"},"datePublished":"2018-05-10T19:01:16+00:00","dateModified":"2021-12-12T15:19:21+00:00","description":"Wir schaffen f\u00fcr euch Erinnerungen f\u00fcr die Ewigkeit und halten die gro\u00dfen und die ganz leisen Momente f\u00fcr euch fest. Unser Ja-Sager Portfolio","breadcrumb":{"@id":"https:\/\/www.asa400.de\/blog\/ja-sager\/#breadcrumb"},"inLanguage":"de","potentialAction":[{"@type":"ReadAction","target":["https:\/\/www.asa400.de\/blog\/ja-sager\/"]}]},{"@type":"BreadcrumbList","@id":"https:\/\/www.asa400.de\/blog\/ja-sager\/#breadcrumb","itemListElement":[{"@type":"ListItem","position":1,"name":"Startseite","item":"https:\/\/www.asa400.de\/blog\/"},{"@type":"ListItem","position":2,"name":"Ja-Sager"}]}]}},"_links":{"self":[{"href":"https:\/\/www.asa400.de\/blog\/wp-json\/wp\/v2\/pages\/8018"}],"collection":[{"href":"https:\/\/www.asa400.de\/blog\/wp-json\/wp\/v2\/pages"}],"about":[{"href":"https:\/\/www.asa400.de\/blog\/wp-json\/wp\/v2\/types\/page"}],"author":[{"embeddable":true,"href":"https:\/\/www.asa400.de\/blog\/wp-json\/wp\/v2\/users\/1"}],"replies":[{"embeddable":true,"href":"https:\/\/www.asa400.de\/blog\/wp-json\/wp\/v2\/comments?post=8018"}],"version-history":[{"count":15,"href":"https:\/\/www.asa400.de\/blog\/wp-json\/wp\/v2\/pages\/8018\/revisions"}],"predecessor-version":[{"id":12314,"href":"https:\/\/www.asa400.de\/blog\/wp-json\/wp\/v2\/pages\/8018\/revisions\/12314"}],"wp:attachment":[{"href":"https:\/\/www.asa400.de\/blog\/wp-json\/wp\/v2\/media?parent=8018"}],"curies":[{"name":"wp","href":"https:\/\/api.w.org\/{rel}","templated":true}]}}