{"id":1720,"date":"2012-08-10T17:29:04","date_gmt":"2012-08-10T17:29:04","guid":{"rendered":"http:\/\/www.asa400.de\/blog\/?page_id=1720"},"modified":"2021-05-24T18:55:23","modified_gmt":"2021-05-24T18:55:23","slug":"impressum","status":"publish","type":"page","link":"https:\/\/www.asa400.de\/blog\/impressum\/","title":{"rendered":"Impressum"},"content":{"rendered":"<p>Angaben gem\u00e4\u00df \u00a7 5 TMG:<\/p>\n<p>asa400<\/p>\n<p>Christian Thomas &amp; Domenique Lindner-Thomas GbR<br \/>\nGartenstra\u00dfe 3<br \/>\n31162 Bad Salzdetfurth<\/p>\n<p>Telefon: +49 (0) 50 63 \/ 2 77 88 0<br \/>\nE-Mail: info@asa400.de<\/p>\n<h2>Vertreten durch:<\/h2>\n<p>Christian Thomas<br \/>\nDomenique Lindner-Thomas<\/p>\n<h4>Aufsichtsbeh\u00f6rde:<\/h4>\n<p>Handwerkskammer S\u00fcdniedersachsen<\/p>\n<h4>Verantwortlich f\u00fcr den Inhalt nach \u00a7 55 Abs. 2 RStV:<\/h4>\n<p>Christian Thomas<br \/>\nDomenique Lindner-Thomas<\/p>\n<p>Streitschlichtung<br \/>\nAuftraggeber haben die M\u00f6glichkeit eine alternative Streitbeilegung zu nutzen. Der folgende Link<br \/>\nder EU-Kommission (auch OS-Plattform genannt) enth\u00e4lt Informationen u\u0308ber die Online-Streitschlichtung<br \/>\nund dient als zentrale Anlaufstelle zur au\u00dfergerichtlichen Beilegung von Streitigkeiten,<br \/>\ndie aus Online-Kaufvertr\u00e4gen erwachsen: ec.europa.eu\/consumers\/odr.<\/p>\n","protected":false},"excerpt":{"rendered":"<p>Angaben gem\u00e4\u00df \u00a7 5 TMG: asa400 Christian Thomas &amp; Domenique Lindner-Thomas GbR Gartenstra\u00dfe 3 31162 Bad Salzdetfurth Telefon: +49 (0) 50 63 \/ 2 77 88 0 E-Mail: info@asa400.de Vertreten durch: Christian Thomas Domenique Lindner-Thomas Aufsichtsbeh\u00f6rde: Handwerkskammer S\u00fcdniedersachsen Verantwortlich f\u00fcr den Inhalt nach \u00a7 55 Abs. 2 RStV: Christian Thomas Domenique Lindner-Thomas Streitschlichtung Auftraggeber haben [&hellip;]<\/p>\n","protected":false},"author":1,"featured_media":0,"parent":0,"menu_order":0,"comment_status":"closed","ping_status":"closed","template":"","meta":{"_mi_skip_tracking":false},"yoast_head":"<!-- This site is optimized with the Yoast SEO plugin v17.8 - https:\/\/yoast.com\/wordpress\/plugins\/seo\/ -->\n<title>Impressum - asa400 Photographie - Domenique und Christian<\/title>\n<meta name=\"description\" content=\"asa400 Photographie. Christian Thomas &amp; Domenique Lindner-Thomas GbR. Eingetragen in der Handwerkskammer S\u00fcdniedersachsen.\" \/>\n<meta name=\"robots\" content=\"index, follow, max-snippet:-1, max-image-preview:large, max-video-preview:-1\" \/>\n<link rel=\"canonical\" href=\"https:\/\/www.asa400.de\/blog\/impressum\/\" \/>\n<meta property=\"og:locale\" content=\"de_DE\" \/>\n<meta property=\"og:type\" content=\"article\" \/>\n<meta property=\"og:title\" content=\"Impressum - asa400 Photographie - Domenique und Christian\" \/>\n<meta property=\"og:description\" content=\"asa400 Photographie. Christian Thomas &amp; Domenique Lindner-Thomas GbR. Eingetragen in der Handwerkskammer S\u00fcdniedersachsen.\" \/>\n<meta property=\"og:url\" content=\"https:\/\/www.asa400.de\/blog\/impressum\/\" \/>\n<meta property=\"og:site_name\" content=\"Domenique und Christian | asa400 | Hochzeitsfotograf Hildesheim\" \/>\n<meta property=\"article:publisher\" content=\"https:\/\/www.facebook.com\/asa400.de\" \/>\n<meta property=\"article:modified_time\" content=\"2021-05-24T18:55:23+00:00\" \/>\n<meta name=\"twitter:card\" content=\"summary_large_image\" \/>\n<meta name=\"twitter:label1\" content=\"Gesch\u00e4tzte Lesezeit\" \/>\n\t<meta name=\"twitter:data1\" content=\"1\u00a0Minute\" \/>\n<script type=\"application\/ld+json\" class=\"yoast-schema-graph\">{\"@context\":\"https:\/\/schema.org\",\"@graph\":[{\"@type\":\"Organization\",\"@id\":\"https:\/\/www.asa400.de\/blog\/#organization\",\"name\":\"asa400\",\"url\":\"https:\/\/www.asa400.de\/blog\/\",\"sameAs\":[\"https:\/\/www.facebook.com\/asa400.de\",\"https:\/\/www.instagram.com\/asa400_photographie\/\",\"https:\/\/www.youtube.com\/channel\/UC17qIjzUU9qut1LIIa7z_qg\"],\"logo\":{\"@type\":\"ImageObject\",\"@id\":\"https:\/\/www.asa400.de\/blog\/#logo\",\"inLanguage\":\"de\",\"url\":\"https:\/\/www.asa400.de\/blog\/wp-content\/uploads\/2018\/07\/asa400_logos-650-x-650.jpg\",\"contentUrl\":\"https:\/\/www.asa400.de\/blog\/wp-content\/uploads\/2018\/07\/asa400_logos-650-x-650.jpg\",\"width\":650,\"height\":650,\"caption\":\"asa400\"},\"image\":{\"@id\":\"https:\/\/www.asa400.de\/blog\/#logo\"}},{\"@type\":\"WebSite\",\"@id\":\"https:\/\/www.asa400.de\/blog\/#website\",\"url\":\"https:\/\/www.asa400.de\/blog\/\",\"name\":\"asa400 Photographie Domenique und Christian\",\"description\":\"Hochzeitsfotografie Hildesheim, Portraitfotografie Hildesheim\",\"publisher\":{\"@id\":\"https:\/\/www.asa400.de\/blog\/#organization\"},\"potentialAction\":[{\"@type\":\"SearchAction\",\"target\":{\"@type\":\"EntryPoint\",\"urlTemplate\":\"https:\/\/www.asa400.de\/blog\/?s={search_term_string}\"},\"query-input\":\"required name=search_term_string\"}],\"inLanguage\":\"de\"},{\"@type\":\"WebPage\",\"@id\":\"https:\/\/www.asa400.de\/blog\/impressum\/#webpage\",\"url\":\"https:\/\/www.asa400.de\/blog\/impressum\/\",\"name\":\"Impressum - asa400 Photographie - Domenique und Christian\",\"isPartOf\":{\"@id\":\"https:\/\/www.asa400.de\/blog\/#website\"},\"datePublished\":\"2012-08-10T17:29:04+00:00\",\"dateModified\":\"2021-05-24T18:55:23+00:00\",\"description\":\"asa400 Photographie. Christian Thomas & Domenique Lindner-Thomas GbR. Eingetragen in der Handwerkskammer S\\u00fcdniedersachsen.\",\"breadcrumb\":{\"@id\":\"https:\/\/www.asa400.de\/blog\/impressum\/#breadcrumb\"},\"inLanguage\":\"de\",\"potentialAction\":[{\"@type\":\"ReadAction\",\"target\":[\"https:\/\/www.asa400.de\/blog\/impressum\/\"]}]},{\"@type\":\"BreadcrumbList\",\"@id\":\"https:\/\/www.asa400.de\/blog\/impressum\/#breadcrumb\",\"itemListElement\":[{\"@type\":\"ListItem\",\"position\":1,\"name\":\"Startseite\",\"item\":\"https:\/\/www.asa400.de\/blog\/\"},{\"@type\":\"ListItem\",\"position\":2,\"name\":\"Impressum\"}]}]}<\/script>\n<!-- \/ Yoast SEO plugin. -->","yoast_head_json":{"title":"Impressum - asa400 Photographie - Domenique und Christian","description":"asa400 Photographie. Christian Thomas & Domenique Lindner-Thomas GbR. Eingetragen in der Handwerkskammer S\u00fcdniedersachsen.","robots":{"index":"index","follow":"follow","max-snippet":"max-snippet:-1","max-image-preview":"max-image-preview:large","max-video-preview":"max-video-preview:-1"},"canonical":"https:\/\/www.asa400.de\/blog\/impressum\/","og_locale":"de_DE","og_type":"article","og_title":"Impressum - asa400 Photographie - Domenique und Christian","og_description":"asa400 Photographie. Christian Thomas & Domenique Lindner-Thomas GbR. Eingetragen in der Handwerkskammer S\u00fcdniedersachsen.","og_url":"https:\/\/www.asa400.de\/blog\/impressum\/","og_site_name":"Domenique und Christian | asa400 | Hochzeitsfotograf Hildesheim","article_publisher":"https:\/\/www.facebook.com\/asa400.de","article_modified_time":"2021-05-24T18:55:23+00:00","twitter_card":"summary_large_image","twitter_misc":{"Gesch\u00e4tzte Lesezeit":"1\u00a0Minute"},"schema":{"@context":"https:\/\/schema.org","@graph":[{"@type":"Organization","@id":"https:\/\/www.asa400.de\/blog\/#organization","name":"asa400","url":"https:\/\/www.asa400.de\/blog\/","sameAs":["https:\/\/www.facebook.com\/asa400.de","https:\/\/www.instagram.com\/asa400_photographie\/","https:\/\/www.youtube.com\/channel\/UC17qIjzUU9qut1LIIa7z_qg"],"logo":{"@type":"ImageObject","@id":"https:\/\/www.asa400.de\/blog\/#logo","inLanguage":"de","url":"https:\/\/www.asa400.de\/blog\/wp-content\/uploads\/2018\/07\/asa400_logos-650-x-650.jpg","contentUrl":"https:\/\/www.asa400.de\/blog\/wp-content\/uploads\/2018\/07\/asa400_logos-650-x-650.jpg","width":650,"height":650,"caption":"asa400"},"image":{"@id":"https:\/\/www.asa400.de\/blog\/#logo"}},{"@type":"WebSite","@id":"https:\/\/www.asa400.de\/blog\/#website","url":"https:\/\/www.asa400.de\/blog\/","name":"asa400 Photographie Domenique und Christian","description":"Hochzeitsfotografie Hildesheim, Portraitfotografie Hildesheim","publisher":{"@id":"https:\/\/www.asa400.de\/blog\/#organization"},"potentialAction":[{"@type":"SearchAction","target":{"@type":"EntryPoint","urlTemplate":"https:\/\/www.asa400.de\/blog\/?s={search_term_string}"},"query-input":"required name=search_term_string"}],"inLanguage":"de"},{"@type":"WebPage","@id":"https:\/\/www.asa400.de\/blog\/impressum\/#webpage","url":"https:\/\/www.asa400.de\/blog\/impressum\/","name":"Impressum - asa400 Photographie - Domenique und Christian","isPartOf":{"@id":"https:\/\/www.asa400.de\/blog\/#website"},"datePublished":"2012-08-10T17:29:04+00:00","dateModified":"2021-05-24T18:55:23+00:00","description":"asa400 Photographie. Christian Thomas & Domenique Lindner-Thomas GbR. Eingetragen in der Handwerkskammer S\u00fcdniedersachsen.","breadcrumb":{"@id":"https:\/\/www.asa400.de\/blog\/impressum\/#breadcrumb"},"inLanguage":"de","potentialAction":[{"@type":"ReadAction","target":["https:\/\/www.asa400.de\/blog\/impressum\/"]}]},{"@type":"BreadcrumbList","@id":"https:\/\/www.asa400.de\/blog\/impressum\/#breadcrumb","itemListElement":[{"@type":"ListItem","position":1,"name":"Startseite","item":"https:\/\/www.asa400.de\/blog\/"},{"@type":"ListItem","position":2,"name":"Impressum"}]}]}},"_links":{"self":[{"href":"https:\/\/www.asa400.de\/blog\/wp-json\/wp\/v2\/pages\/1720"}],"collection":[{"href":"https:\/\/www.asa400.de\/blog\/wp-json\/wp\/v2\/pages"}],"about":[{"href":"https:\/\/www.asa400.de\/blog\/wp-json\/wp\/v2\/types\/page"}],"author":[{"embeddable":true,"href":"https:\/\/www.asa400.de\/blog\/wp-json\/wp\/v2\/users\/1"}],"replies":[{"embeddable":true,"href":"https:\/\/www.asa400.de\/blog\/wp-json\/wp\/v2\/comments?post=1720"}],"version-history":[{"count":15,"href":"https:\/\/www.asa400.de\/blog\/wp-json\/wp\/v2\/pages\/1720\/revisions"}],"predecessor-version":[{"id":8480,"href":"https:\/\/www.asa400.de\/blog\/wp-json\/wp\/v2\/pages\/1720\/revisions\/8480"}],"wp:attachment":[{"href":"https:\/\/www.asa400.de\/blog\/wp-json\/wp\/v2\/media?parent=1720"}],"curies":[{"name":"wp","href":"https:\/\/api.w.org\/{rel}","templated":true}]}}